{"id":933,"date":"2020-04-21T18:04:12","date_gmt":"2020-04-21T06:04:12","guid":{"rendered":"https:\/\/muaupoko.iwi.nz\/wp\/?page_id=933"},"modified":"2020-04-21T18:04:12","modified_gmt":"2020-04-21T06:04:12","slug":"pharmacies","status":"publish","type":"page","link":"https:\/\/muaupoko.iwi.nz\/wp\/covid-19-information-site\/pharmacies\/","title":{"rendered":"PHARMACIES"},"content":{"rendered":"<h2 style=\"text-align: center;\">PHARMACIES<\/h2>\n<h3>Feilding<\/h3>\n<table width=\"1287\">\n<tbody>\n<tr>\n<td width=\"271\">Central Feilding Pharmacy<\/td>\n<td width=\"250\"><\/td>\n<td width=\"537\">Mon-Fri: 8.30am to 5.30pm; Sat: 9.30am to 12.30pm<\/td>\n<td width=\"230\">06 3235023<\/td>\n<\/tr>\n<tr>\n<td width=\"271\">Feilding Health Pharmacy<\/td>\n<td width=\"250\"><\/td>\n<td width=\"537\">Mon-Fri: 8.30am to 5.30pm; Sunday: 9.00am to 12.00pm<\/td>\n<td width=\"230\">06 5601025<\/td>\n<\/tr>\n<tr>\n<td width=\"271\">Feilding Health Smith\u2019s Pharmacy<\/td>\n<td width=\"250\"><\/td>\n<td width=\"537\">Mon-Fri: 8.30am to 5.30pm; Sat: 9.00 to 1.00pm closed<\/td>\n<td width=\"230\">06 3234121<\/td>\n<\/tr>\n<\/tbody>\n<\/table>\n<p>&nbsp;<\/p>\n<h3>Foxton<\/h3>\n<table width=\"1287\">\n<tbody>\n<tr>\n<td width=\"271\">Gimblett\u2019s Pharmacy<\/td>\n<td width=\"250\"><\/td>\n<td width=\"537\">Mon-Fri: 8.30am to 5.30pm; Weekends: closed<\/td>\n<td width=\"230\">06 3637080<\/td>\n<\/tr>\n<\/tbody>\n<\/table>\n<p>&nbsp;<\/p>\n<h3>Levin<\/h3>\n<table width=\"1287\">\n<tbody>\n<tr>\n<td width=\"271\">Berry\u2019s Health Centre Pharmacy<\/td>\n<td width=\"250\"><\/td>\n<td width=\"537\">Mon\u2013Fri: 9am to 5pm; Weekends: closed<\/td>\n<td width=\"230\">06 3673644<\/td>\n<\/tr>\n<tr>\n<td width=\"271\">Berry\u2019s Tararua Pharmacy<\/td>\n<td width=\"250\"><\/td>\n<td width=\"537\">Mon-Fri: 8.30am to 5.30pm; Sat: 9.00 \u2013 12.00pm<\/td>\n<td width=\"230\">06 3687922<\/td>\n<\/tr>\n<tr>\n<td width=\"271\">Levin Mall Pharmacy<\/td>\n<td width=\"250\"><\/td>\n<td width=\"537\">Mon-Fri: 9am to 5pm (close 3-3.30pm);Weekends: closed<\/td>\n<td width=\"230\">06 3682180<\/td>\n<\/tr>\n<tr>\n<td width=\"271\">Steeds Pharmacy<\/td>\n<td width=\"250\"><\/td>\n<td width=\"537\">Mon-Fri: 8.30am to 5.30pm; Sat: 9.00am to 12.00pm<\/td>\n<td width=\"230\">06 3682180<\/td>\n<\/tr>\n<tr>\n<td width=\"271\">Unichem Levin Pharmacy<\/td>\n<td width=\"250\"><\/td>\n<td width=\"537\">Mon-Fri: 8.30am to 6pm; Sat: 9am to 5pm; Sun: 10am to 4pm<\/td>\n<td width=\"230\">06 3682560<\/td>\n<\/tr>\n<\/tbody>\n<\/table>\n<p>&nbsp;<\/p>\n<h3>Otaki<\/h3>\n<table width=\"1287\">\n<tbody>\n<tr>\n<td width=\"271\">Hamish Barham Pharmacy<\/td>\n<td width=\"250\"><\/td>\n<td width=\"537\">Mon-Fri: 8.30am to 5.30pm; Weekends: closed<\/td>\n<td width=\"230\">06-364 8860<\/td>\n<\/tr>\n<\/tbody>\n<\/table>\n<p>&nbsp;<\/p>\n<h3>Palmerston North<\/h3>\n<table width=\"1570\">\n<tbody>\n<tr>\n<td width=\"518\">Botanical Road Pharmacy<\/td>\n<td width=\"537\">Mon-Fri: 8.30am-5pm only &#8211; closing 12-2pm for staff break<\/td>\n<td width=\"515\">06 3581787<\/td>\n<\/tr>\n<tr>\n<td width=\"518\">Central Pharmacy<\/td>\n<td width=\"537\">Mon-Fri: 8.30am to 5.30pm; Weekends: closed<\/td>\n<td width=\"515\">06 3587283<\/td>\n<\/tr>\n<tr>\n<td width=\"518\">City Health Pharmacy<\/td>\n<td width=\"537\">Everyday: 8am to 6pm<\/td>\n<td width=\"515\">06 3555287<\/td>\n<\/tr>\n<tr>\n<td width=\"518\">Cook Street Pharmacy<\/td>\n<td width=\"537\">Mon-Fri: 8am to 5pm; Weekends: closed<\/td>\n<td width=\"515\">06 3587788<\/td>\n<\/tr>\n<tr>\n<td width=\"518\">Countdown Pharmacy Rangitikei<\/td>\n<td width=\"537\">Everyday: 9am to 6pm \u2013 closing for 30mins staff break<\/td>\n<td width=\"515\">06 3590859<\/td>\n<\/tr>\n<tr>\n<td width=\"518\">Grant Irvine Pharmacy<\/td>\n<td width=\"537\">Mon-Fri: 9am to 5.30pm; Weekends: closed<\/td>\n<td width=\"515\">06 3578782<\/td>\n<\/tr>\n<tr>\n<td width=\"518\">Hokowhitu Pharmacy<\/td>\n<td width=\"537\">Mon-Fri: 9am to 5.30pm; Sat: 9.00am to 12.30pm &#8211; closing 1-2pm for staff break<\/td>\n<td width=\"515\">06 3579186<\/td>\n<\/tr>\n<tr>\n<td width=\"518\">Hospital Health Pharmacy<\/td>\n<td width=\"537\">Mon-Fri: 9am to 5.30pm (Closed 1-1.30pm) Weekends: closed<\/td>\n<td width=\"515\">06 3508287<\/td>\n<\/tr>\n<tr>\n<td width=\"518\">Life Pharmacy The Plaza<\/td>\n<td width=\"537\">Mon-Fri: 9am to 5.30pm; Weekends: 10am to 4pm<\/td>\n<td width=\"515\">06 3561949<\/td>\n<\/tr>\n<tr>\n<td width=\"518\">Milson Pharmacy<\/td>\n<td width=\"537\">Mon-Fri: 8.30am to 4pm; Weekends: closed<\/td>\n<td width=\"515\">06 3580612<\/td>\n<\/tr>\n<tr>\n<td width=\"518\">Unichem Awapuni Pharmacy<\/td>\n<td width=\"537\">Mon-Fri: 9am to 5.30pm; Weekends: closed<\/td>\n<td width=\"515\">06 3581970<\/td>\n<\/tr>\n<tr>\n<td width=\"518\">Unichem Chemist Shop<\/td>\n<td width=\"537\">Mon-Fri: 8am to 6pm; Weekends: 9am to 6pm (Closing each day from 1-1.30pm)<\/td>\n<td width=\"515\">06 354 8899<\/td>\n<\/tr>\n<tr>\n<td width=\"518\">Unichem Kauri Healthcare Pharmacy<\/td>\n<td width=\"537\">Mon-Fri: 8.30am to 5pm (Closed 1-1.30pm) Weekends: closed<\/td>\n<td width=\"515\">06 3544084<\/td>\n<\/tr>\n<tr>\n<td width=\"518\">Unichem Roses Pharmacy<\/td>\n<td width=\"537\">Mon-Fri: 9am to 6pm; Sat: 9am to 1pm<\/td>\n<td width=\"515\">06 3547673<\/td>\n<\/tr>\n<tr>\n<td width=\"518\">Unichem Terrace End Pharmacy<\/td>\n<td width=\"537\">Mon-Fri: 9am to 5.30pm; Weekends: closed<\/td>\n<td width=\"515\">06 358 1485<\/td>\n<\/tr>\n<tr>\n<td width=\"518\">Unichem The Palms Pharmacy<\/td>\n<td width=\"537\">Mon-Fri: 8am to 7pm; Weekends: 9am to 7pm<\/td>\n<td width=\"515\">06 3551145<\/td>\n<\/tr>\n<tr>\n<td width=\"518\">Vautier Pharmacy \u2013 Downtown<\/td>\n<td width=\"537\">Mon-Fri: 9am to 4pm; Weekends: closed<\/td>\n<td width=\"515\">06 3566499<\/td>\n<\/tr>\n<tr>\n<td width=\"518\">Vautier Pharmacy \u2013 Pioneer<\/td>\n<td width=\"537\">Mon-Fri: 9am to 5.30pm; Weekends: closed<\/td>\n<td width=\"515\">06 3576577<\/td>\n<\/tr>\n<tr>\n<td width=\"518\">Vautier Pharmacy \u2013 Summerhill<\/td>\n<td width=\"537\">Mon-Fri: 9am to 4pm; Sat: 9am to 4pm<\/td>\n<td width=\"515\">06 3558173<\/td>\n<\/tr>\n<tr>\n<td width=\"518\">Vogel Street Pharmacy<\/td>\n<td width=\"537\">Mon-Fri: 8.30am to 5.30pm (Wed close at 6.30pm); Sat: 9am to 2pm<\/td>\n<td width=\"515\">06 3551905<\/td>\n<\/tr>\n<\/tbody>\n<\/table>\n","protected":false},"excerpt":{"rendered":"<p>PHARMACIES Feilding Central Feilding Pharmacy Mon-Fri: 8.30am to 5.30pm; Sat: 9.30am to 12.30pm 06 3235023 Feilding Health Pharmacy Mon-Fri: 8.30am to 5.30pm; Sunday: 9.00am to 12.00pm 06 5601025 Feilding Health Smith\u2019s Pharmacy Mon-Fri: 8.30am to 5.30pm; Sat: 9.00 to 1.00pm closed 06 3234121 &nbsp; Foxton Gimblett\u2019s Pharmacy Mon-Fri: 8.30am to 5.30pm; Weekends: closed 06 3637080 [&hellip;]<\/p>\n","protected":false},"author":3,"featured_media":0,"parent":877,"menu_order":2,"comment_status":"closed","ping_status":"closed","template":"","meta":{"jetpack_post_was_ever_published":false,"footnotes":""},"class_list":["post-933","page","type-page","status-publish","hentry"],"yoast_head":"<!-- This site is optimized with the Yoast SEO Premium plugin v26.4 (Yoast SEO v27.4) - https:\/\/yoast.com\/product\/yoast-seo-premium-wordpress\/ -->\n<title>PHARMACIES - Mua\u016bpoko Tribal Authority Inc.<\/title>\n<meta name=\"robots\" content=\"index, follow, max-snippet:-1, max-image-preview:large, max-video-preview:-1\" \/>\n<link rel=\"canonical\" href=\"https:\/\/muaupoko.iwi.nz\/wp\/covid-19-information-site\/pharmacies\/\" \/>\n<meta property=\"og:locale\" content=\"en_US\" \/>\n<meta property=\"og:type\" content=\"article\" \/>\n<meta property=\"og:title\" content=\"PHARMACIES\" \/>\n<meta property=\"og:description\" content=\"PHARMACIES Feilding Central Feilding Pharmacy Mon-Fri: 8.30am to 5.30pm; Sat: 9.30am to 12.30pm 06 3235023 Feilding Health Pharmacy Mon-Fri: 8.30am to 5.30pm; Sunday: 9.00am to 12.00pm 06 5601025 Feilding Health Smith\u2019s Pharmacy Mon-Fri: 8.30am to 5.30pm; Sat: 9.00 to 1.00pm closed 06 3234121 &nbsp; Foxton Gimblett\u2019s Pharmacy Mon-Fri: 8.30am to 5.30pm; Weekends: closed 06 3637080 [&hellip;]\" \/>\n<meta property=\"og:url\" content=\"https:\/\/muaupoko.iwi.nz\/wp\/covid-19-information-site\/pharmacies\/\" \/>\n<meta property=\"og:site_name\" content=\"Mua\u016bpoko Tribal Authority Inc.\" \/>\n<meta property=\"article:publisher\" content=\"https:\/\/www.facebook.com\/MuaupokoTribalAuthority\" \/>\n<meta name=\"twitter:card\" content=\"summary_large_image\" \/>\n<meta name=\"twitter:label1\" content=\"Est. reading time\" \/>\n\t<meta name=\"twitter:data1\" content=\"2 minutes\" \/>\n<script type=\"application\/ld+json\" class=\"yoast-schema-graph\">{\"@context\":\"https:\\\/\\\/schema.org\",\"@graph\":[{\"@type\":\"WebPage\",\"@id\":\"https:\\\/\\\/muaupoko.iwi.nz\\\/wp\\\/covid-19-information-site\\\/pharmacies\\\/\",\"url\":\"https:\\\/\\\/muaupoko.iwi.nz\\\/wp\\\/covid-19-information-site\\\/pharmacies\\\/\",\"name\":\"PHARMACIES - Mua\u016bpoko Tribal Authority Inc.\",\"isPartOf\":{\"@id\":\"https:\\\/\\\/muaupoko.iwi.nz\\\/wp\\\/#website\"},\"datePublished\":\"2020-04-21T06:04:12+00:00\",\"breadcrumb\":{\"@id\":\"https:\\\/\\\/muaupoko.iwi.nz\\\/wp\\\/covid-19-information-site\\\/pharmacies\\\/#breadcrumb\"},\"inLanguage\":\"en-NZ\",\"potentialAction\":[{\"@type\":\"ReadAction\",\"target\":[\"https:\\\/\\\/muaupoko.iwi.nz\\\/wp\\\/covid-19-information-site\\\/pharmacies\\\/\"]}]},{\"@type\":\"BreadcrumbList\",\"@id\":\"https:\\\/\\\/muaupoko.iwi.nz\\\/wp\\\/covid-19-information-site\\\/pharmacies\\\/#breadcrumb\",\"itemListElement\":[{\"@type\":\"ListItem\",\"position\":1,\"name\":\"Home\",\"item\":\"https:\\\/\\\/muaupoko.iwi.nz\\\/wp\\\/\"},{\"@type\":\"ListItem\",\"position\":2,\"name\":\"Private: COVID-19 Information Site\",\"item\":\"https:\\\/\\\/muaupoko.iwi.nz\\\/wp\\\/?page_id=877\"},{\"@type\":\"ListItem\",\"position\":3,\"name\":\"PHARMACIES\"}]},{\"@type\":\"WebSite\",\"@id\":\"https:\\\/\\\/muaupoko.iwi.nz\\\/wp\\\/#website\",\"url\":\"https:\\\/\\\/muaupoko.iwi.nz\\\/wp\\\/\",\"name\":\"Mua\u016bpoko Tribal Authority Inc.\",\"description\":\"Mua\u016bpoko Tribal Authority exists to protect Mua\u016bpoko identity and assets, and to build a stronger economic, social, and cultural base for the Mua\u016bpoko people.\",\"publisher\":{\"@id\":\"https:\\\/\\\/muaupoko.iwi.nz\\\/wp\\\/#organization\"},\"potentialAction\":[{\"@type\":\"SearchAction\",\"target\":{\"@type\":\"EntryPoint\",\"urlTemplate\":\"https:\\\/\\\/muaupoko.iwi.nz\\\/wp\\\/?s={search_term_string}\"},\"query-input\":{\"@type\":\"PropertyValueSpecification\",\"valueRequired\":true,\"valueName\":\"search_term_string\"}}],\"inLanguage\":\"en-NZ\"},{\"@type\":\"Organization\",\"@id\":\"https:\\\/\\\/muaupoko.iwi.nz\\\/wp\\\/#organization\",\"name\":\"Mua\u016bpoko Tribal Authority Inc.\",\"url\":\"https:\\\/\\\/muaupoko.iwi.nz\\\/wp\\\/\",\"logo\":{\"@type\":\"ImageObject\",\"inLanguage\":\"en-NZ\",\"@id\":\"https:\\\/\\\/muaupoko.iwi.nz\\\/wp\\\/#\\\/schema\\\/logo\\\/image\\\/\",\"url\":\"https:\\\/\\\/muaupoko.iwi.nz\\\/wp\\\/wp-content\\\/uploads\\\/2025\\\/09\\\/MTA-logo-circle-3012a.png\",\"contentUrl\":\"https:\\\/\\\/muaupoko.iwi.nz\\\/wp\\\/wp-content\\\/uploads\\\/2025\\\/09\\\/MTA-logo-circle-3012a.png\",\"width\":500,\"height\":500,\"caption\":\"Mua\u016bpoko Tribal Authority Inc.\"},\"image\":{\"@id\":\"https:\\\/\\\/muaupoko.iwi.nz\\\/wp\\\/#\\\/schema\\\/logo\\\/image\\\/\"},\"sameAs\":[\"https:\\\/\\\/www.facebook.com\\\/MuaupokoTribalAuthority\"]}]}<\/script>\n<!-- \/ Yoast SEO Premium plugin. -->","yoast_head_json":{"title":"PHARMACIES - Mua\u016bpoko Tribal Authority Inc.","robots":{"index":"index","follow":"follow","max-snippet":"max-snippet:-1","max-image-preview":"max-image-preview:large","max-video-preview":"max-video-preview:-1"},"canonical":"https:\/\/muaupoko.iwi.nz\/wp\/covid-19-information-site\/pharmacies\/","og_locale":"en_US","og_type":"article","og_title":"PHARMACIES","og_description":"PHARMACIES Feilding Central Feilding Pharmacy Mon-Fri: 8.30am to 5.30pm; Sat: 9.30am to 12.30pm 06 3235023 Feilding Health Pharmacy Mon-Fri: 8.30am to 5.30pm; Sunday: 9.00am to 12.00pm 06 5601025 Feilding Health Smith\u2019s Pharmacy Mon-Fri: 8.30am to 5.30pm; Sat: 9.00 to 1.00pm closed 06 3234121 &nbsp; Foxton Gimblett\u2019s Pharmacy Mon-Fri: 8.30am to 5.30pm; Weekends: closed 06 3637080 [&hellip;]","og_url":"https:\/\/muaupoko.iwi.nz\/wp\/covid-19-information-site\/pharmacies\/","og_site_name":"Mua\u016bpoko Tribal Authority Inc.","article_publisher":"https:\/\/www.facebook.com\/MuaupokoTribalAuthority","twitter_card":"summary_large_image","twitter_misc":{"Est. reading time":"2 minutes"},"schema":{"@context":"https:\/\/schema.org","@graph":[{"@type":"WebPage","@id":"https:\/\/muaupoko.iwi.nz\/wp\/covid-19-information-site\/pharmacies\/","url":"https:\/\/muaupoko.iwi.nz\/wp\/covid-19-information-site\/pharmacies\/","name":"PHARMACIES - Mua\u016bpoko Tribal Authority Inc.","isPartOf":{"@id":"https:\/\/muaupoko.iwi.nz\/wp\/#website"},"datePublished":"2020-04-21T06:04:12+00:00","breadcrumb":{"@id":"https:\/\/muaupoko.iwi.nz\/wp\/covid-19-information-site\/pharmacies\/#breadcrumb"},"inLanguage":"en-NZ","potentialAction":[{"@type":"ReadAction","target":["https:\/\/muaupoko.iwi.nz\/wp\/covid-19-information-site\/pharmacies\/"]}]},{"@type":"BreadcrumbList","@id":"https:\/\/muaupoko.iwi.nz\/wp\/covid-19-information-site\/pharmacies\/#breadcrumb","itemListElement":[{"@type":"ListItem","position":1,"name":"Home","item":"https:\/\/muaupoko.iwi.nz\/wp\/"},{"@type":"ListItem","position":2,"name":"Private: COVID-19 Information Site","item":"https:\/\/muaupoko.iwi.nz\/wp\/?page_id=877"},{"@type":"ListItem","position":3,"name":"PHARMACIES"}]},{"@type":"WebSite","@id":"https:\/\/muaupoko.iwi.nz\/wp\/#website","url":"https:\/\/muaupoko.iwi.nz\/wp\/","name":"Mua\u016bpoko Tribal Authority Inc.","description":"Mua\u016bpoko Tribal Authority exists to protect Mua\u016bpoko identity and assets, and to build a stronger economic, social, and cultural base for the Mua\u016bpoko people.","publisher":{"@id":"https:\/\/muaupoko.iwi.nz\/wp\/#organization"},"potentialAction":[{"@type":"SearchAction","target":{"@type":"EntryPoint","urlTemplate":"https:\/\/muaupoko.iwi.nz\/wp\/?s={search_term_string}"},"query-input":{"@type":"PropertyValueSpecification","valueRequired":true,"valueName":"search_term_string"}}],"inLanguage":"en-NZ"},{"@type":"Organization","@id":"https:\/\/muaupoko.iwi.nz\/wp\/#organization","name":"Mua\u016bpoko Tribal Authority Inc.","url":"https:\/\/muaupoko.iwi.nz\/wp\/","logo":{"@type":"ImageObject","inLanguage":"en-NZ","@id":"https:\/\/muaupoko.iwi.nz\/wp\/#\/schema\/logo\/image\/","url":"https:\/\/muaupoko.iwi.nz\/wp\/wp-content\/uploads\/2025\/09\/MTA-logo-circle-3012a.png","contentUrl":"https:\/\/muaupoko.iwi.nz\/wp\/wp-content\/uploads\/2025\/09\/MTA-logo-circle-3012a.png","width":500,"height":500,"caption":"Mua\u016bpoko Tribal Authority Inc."},"image":{"@id":"https:\/\/muaupoko.iwi.nz\/wp\/#\/schema\/logo\/image\/"},"sameAs":["https:\/\/www.facebook.com\/MuaupokoTribalAuthority"]}]}},"jetpack_shortlink":"https:\/\/wp.me\/P4mVUU-f3","jetpack_sharing_enabled":true,"_links":{"self":[{"href":"https:\/\/muaupoko.iwi.nz\/wp\/wp-json\/wp\/v2\/pages\/933","targetHints":{"allow":["GET"]}}],"collection":[{"href":"https:\/\/muaupoko.iwi.nz\/wp\/wp-json\/wp\/v2\/pages"}],"about":[{"href":"https:\/\/muaupoko.iwi.nz\/wp\/wp-json\/wp\/v2\/types\/page"}],"author":[{"embeddable":true,"href":"https:\/\/muaupoko.iwi.nz\/wp\/wp-json\/wp\/v2\/users\/3"}],"replies":[{"embeddable":true,"href":"https:\/\/muaupoko.iwi.nz\/wp\/wp-json\/wp\/v2\/comments?post=933"}],"version-history":[{"count":2,"href":"https:\/\/muaupoko.iwi.nz\/wp\/wp-json\/wp\/v2\/pages\/933\/revisions"}],"predecessor-version":[{"id":935,"href":"https:\/\/muaupoko.iwi.nz\/wp\/wp-json\/wp\/v2\/pages\/933\/revisions\/935"}],"up":[{"embeddable":true,"href":"https:\/\/muaupoko.iwi.nz\/wp\/wp-json\/wp\/v2\/pages\/877"}],"wp:attachment":[{"href":"https:\/\/muaupoko.iwi.nz\/wp\/wp-json\/wp\/v2\/media?parent=933"}],"curies":[{"name":"wp","href":"https:\/\/api.w.org\/{rel}","templated":true}]}}