{"id":11,"date":"2014-02-21T01:48:04","date_gmt":"2014-02-21T01:48:04","guid":{"rendered":"http:\/\/muaupoko.iwi.nz\/wp\/?page_id=11"},"modified":"2021-10-02T13:11:14","modified_gmt":"2021-10-02T00:11:14","slug":"te-iwi-muaupoko","status":"publish","type":"page","link":"https:\/\/muaupoko.iwi.nz\/wp\/about-muaupoko\/te-iwi-muaupoko\/","title":{"rendered":"TE IWI MUAUPOKO"},"content":{"rendered":"<p>Ko Kurahaupo te waka<br \/>\nKo Tararua te maunga<br \/>\nKo Punahau te roto<br \/>\nKo Hokio te awa<br \/>\nKo Kohuturoa raua ko Kawiu nga marae<br \/>\nKo Punahau, Ng\u0101rue, Ng\u0101i Te Ao, Ng\u0101ti Tamarangi, Ng\u0101ti Hine, Ng\u0101ti Whanokirangi, Ng\u0101ti Pariri nga Hap\u016b<br \/>\nKo Mua\u016bpoko te Iwi<br \/>\nWhakahono, kia tu kaha Mua\u016bpoko<\/p>\n<p align=\"justify\">Mua\u016bpoko are the descendants of Tara, the eponymous ancestor of the Ngai Tara tribe. He was a great great grandson of Kupe of the Matahourua waka and a son of Whatonga of the Kurahaupo Waka. He and their descendants discovered, explored and named places throughout Aotearoa, and these remain on the land, coast and sea today, most notably Te Whanganui \u0101-Tara (Wellington).<\/p>\n<p align=\"justify\">Mua\u016bpoko developed as a separate and unique Iwi over time and established its own hapu, areas of occupation, use and access to resources from the western side of the Rimutaka and Tararua ranges to Te Whanganui-a-Tara (Wellington) , Porirua, Kapiti Coast, Horowhenua, Manawatu to Rangitikei. One source for the origin of the tribal name Mua\u016bpoko is derived from living at the head of the fish .<\/p>\n<p align=\"justify\">Mua\u016bpoko has shared ancestry, history, occupation and alliances with Ngai Tara, Ngati Rangi, Ngati Ira, Rangitane, Ngati Kahungunu, Ngati Apa and Whanganui Iwi within this area. In the 1820s through to the 1860s various Iwi from Kawhia, Taranaki and the Maungatautari districts migrated, invaded and settled in these areas. This reduced the Mua\u016bpoko population and the area of land directly under their direct influence. In the 1870s the Maori Land Court and the Crown confined Muaupoko to Horowhenua. Today, the Mua\u016bpoko Iwi is principally located in Taitoko (Levin) area.<\/p>\n<p align=\"justify\">Population: The 2006 Census estimates the Mua\u016bpoko iwi to include 2,499 members, and Schedule 3 of the M\u0101ori Fisheries Act 2004 gives a notional population of 1901 for Mua\u016bpoko. The current number of individuals enrolled on the register is over 4000. The actual population of the Mua\u016bpoko Iwi is undoubtedly larger than either of these figures and the MTA is confident increase registration process.<\/p>\n<p align=\"justify\"><em><span style=\"font-family: Verdana,Arial,Helvetica,sans-serif; font-size: xx-small;\">Evidence of Major Kemp: (Rangihiwinui); Tuesday November 19th 1872; Otaki Maori Land Court Minute Book 2; link:<br \/>\nTe Whanagnui a Tara me ona Takiwa Report; Waitangi Tribunal; pg 492: link<br \/>\nWaitangi Tribunal District 12 Report &#8211; The Wellington District: Port Nicholson, Hutt Valley, Porirua, Rangit\u012bkei, Manawat\u016b; pg 4: link<br \/>\nTe Whanagnui a Tara me ona Takiwa Report; Waitangi Tribunal pg 35: link<\/span><\/em><\/p>\n<p>For more information <a href=\"http:\/\/www.teara.govt.nz\/en\/muaupoko\/1\" target=\"_blank\" rel=\"noopener\"><strong>click here<\/strong><\/a><\/p>\n<p>Waitangi Tribunal Oral history of Mua\u016bpoko <a href=\"https:\/\/muaupoko.iwi.nz\/wp\/wp-content\/uploads\/2021\/10\/Muaupoko-Oral-History.pdf\" target=\"_blank\" rel=\"noopener\"><strong>click here.<\/strong><\/a><\/p>\n<p>Waitangi Tribunal Report 2017 (WAI 2200) Horowhenua, The Mua\u016bpoko Priority Report <a href=\"https:\/\/muaupoko.iwi.nz\/wp\/wp-content\/uploads\/2021\/10\/Horowhenua-Pre-pub-W.pdf\" target=\"_blank\" rel=\"noopener\"><strong>click here<\/strong><\/a>.<\/p>\n","protected":false},"excerpt":{"rendered":"<p>Ko Kurahaupo te waka Ko Tararua te maunga Ko Punahau te roto Ko Hokio te awa Ko Kohuturoa raua ko Kawiu nga marae Ko Punahau, Ng\u0101rue, Ng\u0101i Te Ao, Ng\u0101ti Tamarangi, Ng\u0101ti Hine, Ng\u0101ti Whanokirangi, Ng\u0101ti Pariri nga Hap\u016b Ko Mua\u016bpoko te Iwi Whakahono, kia tu kaha Mua\u016bpoko Mua\u016bpoko are the descendants of Tara, the [&hellip;]<\/p>\n","protected":false},"author":1,"featured_media":0,"parent":4,"menu_order":1,"comment_status":"closed","ping_status":"closed","template":"","meta":{"jetpack_post_was_ever_published":false,"footnotes":""},"class_list":["post-11","page","type-page","status-publish","hentry"],"yoast_head":"<!-- This site is optimized with the Yoast SEO Premium plugin v26.4 (Yoast SEO v27.4) - https:\/\/yoast.com\/product\/yoast-seo-premium-wordpress\/ -->\n<title>TE IWI MUAUPOKO - Mua\u016bpoko Tribal Authority Inc.<\/title>\n<meta name=\"robots\" content=\"index, follow, max-snippet:-1, max-image-preview:large, max-video-preview:-1\" \/>\n<link rel=\"canonical\" href=\"https:\/\/muaupoko.iwi.nz\/wp\/about-muaupoko\/te-iwi-muaupoko\/\" \/>\n<meta property=\"og:locale\" content=\"en_US\" \/>\n<meta property=\"og:type\" content=\"article\" \/>\n<meta property=\"og:title\" content=\"TE IWI MUAUPOKO\" \/>\n<meta property=\"og:description\" content=\"Ko Kurahaupo te waka Ko Tararua te maunga Ko Punahau te roto Ko Hokio te awa Ko Kohuturoa raua ko Kawiu nga marae Ko Punahau, Ng\u0101rue, Ng\u0101i Te Ao, Ng\u0101ti Tamarangi, Ng\u0101ti Hine, Ng\u0101ti Whanokirangi, Ng\u0101ti Pariri nga Hap\u016b Ko Mua\u016bpoko te Iwi Whakahono, kia tu kaha Mua\u016bpoko Mua\u016bpoko are the descendants of Tara, the [&hellip;]\" \/>\n<meta property=\"og:url\" content=\"https:\/\/muaupoko.iwi.nz\/wp\/about-muaupoko\/te-iwi-muaupoko\/\" \/>\n<meta property=\"og:site_name\" content=\"Mua\u016bpoko Tribal Authority Inc.\" \/>\n<meta property=\"article:publisher\" content=\"https:\/\/www.facebook.com\/MuaupokoTribalAuthority\" \/>\n<meta property=\"article:modified_time\" content=\"2021-10-02T00:11:14+00:00\" \/>\n<meta name=\"twitter:card\" content=\"summary_large_image\" \/>\n<meta name=\"twitter:label1\" content=\"Est. reading time\" \/>\n\t<meta name=\"twitter:data1\" content=\"2 minutes\" \/>\n<script type=\"application\/ld+json\" class=\"yoast-schema-graph\">{\"@context\":\"https:\\\/\\\/schema.org\",\"@graph\":[{\"@type\":\"WebPage\",\"@id\":\"https:\\\/\\\/muaupoko.iwi.nz\\\/wp\\\/about-muaupoko\\\/te-iwi-muaupoko\\\/\",\"url\":\"https:\\\/\\\/muaupoko.iwi.nz\\\/wp\\\/about-muaupoko\\\/te-iwi-muaupoko\\\/\",\"name\":\"TE IWI MUAUPOKO - Mua\u016bpoko Tribal Authority Inc.\",\"isPartOf\":{\"@id\":\"https:\\\/\\\/muaupoko.iwi.nz\\\/wp\\\/#website\"},\"datePublished\":\"2014-02-21T01:48:04+00:00\",\"dateModified\":\"2021-10-02T00:11:14+00:00\",\"breadcrumb\":{\"@id\":\"https:\\\/\\\/muaupoko.iwi.nz\\\/wp\\\/about-muaupoko\\\/te-iwi-muaupoko\\\/#breadcrumb\"},\"inLanguage\":\"en-NZ\",\"potentialAction\":[{\"@type\":\"ReadAction\",\"target\":[\"https:\\\/\\\/muaupoko.iwi.nz\\\/wp\\\/about-muaupoko\\\/te-iwi-muaupoko\\\/\"]}]},{\"@type\":\"BreadcrumbList\",\"@id\":\"https:\\\/\\\/muaupoko.iwi.nz\\\/wp\\\/about-muaupoko\\\/te-iwi-muaupoko\\\/#breadcrumb\",\"itemListElement\":[{\"@type\":\"ListItem\",\"position\":1,\"name\":\"Home\",\"item\":\"https:\\\/\\\/muaupoko.iwi.nz\\\/wp\\\/\"},{\"@type\":\"ListItem\",\"position\":2,\"name\":\"About Mua\u016bpoko\",\"item\":\"https:\\\/\\\/muaupoko.iwi.nz\\\/wp\\\/about-muaupoko\\\/\"},{\"@type\":\"ListItem\",\"position\":3,\"name\":\"TE IWI MUAUPOKO\"}]},{\"@type\":\"WebSite\",\"@id\":\"https:\\\/\\\/muaupoko.iwi.nz\\\/wp\\\/#website\",\"url\":\"https:\\\/\\\/muaupoko.iwi.nz\\\/wp\\\/\",\"name\":\"Mua\u016bpoko Tribal Authority Inc.\",\"description\":\"Mua\u016bpoko Tribal Authority exists to protect Mua\u016bpoko identity and assets, and to build a stronger economic, social, and cultural base for the Mua\u016bpoko people.\",\"publisher\":{\"@id\":\"https:\\\/\\\/muaupoko.iwi.nz\\\/wp\\\/#organization\"},\"potentialAction\":[{\"@type\":\"SearchAction\",\"target\":{\"@type\":\"EntryPoint\",\"urlTemplate\":\"https:\\\/\\\/muaupoko.iwi.nz\\\/wp\\\/?s={search_term_string}\"},\"query-input\":{\"@type\":\"PropertyValueSpecification\",\"valueRequired\":true,\"valueName\":\"search_term_string\"}}],\"inLanguage\":\"en-NZ\"},{\"@type\":\"Organization\",\"@id\":\"https:\\\/\\\/muaupoko.iwi.nz\\\/wp\\\/#organization\",\"name\":\"Mua\u016bpoko Tribal Authority Inc.\",\"url\":\"https:\\\/\\\/muaupoko.iwi.nz\\\/wp\\\/\",\"logo\":{\"@type\":\"ImageObject\",\"inLanguage\":\"en-NZ\",\"@id\":\"https:\\\/\\\/muaupoko.iwi.nz\\\/wp\\\/#\\\/schema\\\/logo\\\/image\\\/\",\"url\":\"https:\\\/\\\/muaupoko.iwi.nz\\\/wp\\\/wp-content\\\/uploads\\\/2025\\\/09\\\/MTA-logo-circle-3012a.png\",\"contentUrl\":\"https:\\\/\\\/muaupoko.iwi.nz\\\/wp\\\/wp-content\\\/uploads\\\/2025\\\/09\\\/MTA-logo-circle-3012a.png\",\"width\":500,\"height\":500,\"caption\":\"Mua\u016bpoko Tribal Authority Inc.\"},\"image\":{\"@id\":\"https:\\\/\\\/muaupoko.iwi.nz\\\/wp\\\/#\\\/schema\\\/logo\\\/image\\\/\"},\"sameAs\":[\"https:\\\/\\\/www.facebook.com\\\/MuaupokoTribalAuthority\"]}]}<\/script>\n<!-- \/ Yoast SEO Premium plugin. -->","yoast_head_json":{"title":"TE IWI MUAUPOKO - Mua\u016bpoko Tribal Authority Inc.","robots":{"index":"index","follow":"follow","max-snippet":"max-snippet:-1","max-image-preview":"max-image-preview:large","max-video-preview":"max-video-preview:-1"},"canonical":"https:\/\/muaupoko.iwi.nz\/wp\/about-muaupoko\/te-iwi-muaupoko\/","og_locale":"en_US","og_type":"article","og_title":"TE IWI MUAUPOKO","og_description":"Ko Kurahaupo te waka Ko Tararua te maunga Ko Punahau te roto Ko Hokio te awa Ko Kohuturoa raua ko Kawiu nga marae Ko Punahau, Ng\u0101rue, Ng\u0101i Te Ao, Ng\u0101ti Tamarangi, Ng\u0101ti Hine, Ng\u0101ti Whanokirangi, Ng\u0101ti Pariri nga Hap\u016b Ko Mua\u016bpoko te Iwi Whakahono, kia tu kaha Mua\u016bpoko Mua\u016bpoko are the descendants of Tara, the [&hellip;]","og_url":"https:\/\/muaupoko.iwi.nz\/wp\/about-muaupoko\/te-iwi-muaupoko\/","og_site_name":"Mua\u016bpoko Tribal Authority Inc.","article_publisher":"https:\/\/www.facebook.com\/MuaupokoTribalAuthority","article_modified_time":"2021-10-02T00:11:14+00:00","twitter_card":"summary_large_image","twitter_misc":{"Est. reading time":"2 minutes"},"schema":{"@context":"https:\/\/schema.org","@graph":[{"@type":"WebPage","@id":"https:\/\/muaupoko.iwi.nz\/wp\/about-muaupoko\/te-iwi-muaupoko\/","url":"https:\/\/muaupoko.iwi.nz\/wp\/about-muaupoko\/te-iwi-muaupoko\/","name":"TE IWI MUAUPOKO - Mua\u016bpoko Tribal Authority Inc.","isPartOf":{"@id":"https:\/\/muaupoko.iwi.nz\/wp\/#website"},"datePublished":"2014-02-21T01:48:04+00:00","dateModified":"2021-10-02T00:11:14+00:00","breadcrumb":{"@id":"https:\/\/muaupoko.iwi.nz\/wp\/about-muaupoko\/te-iwi-muaupoko\/#breadcrumb"},"inLanguage":"en-NZ","potentialAction":[{"@type":"ReadAction","target":["https:\/\/muaupoko.iwi.nz\/wp\/about-muaupoko\/te-iwi-muaupoko\/"]}]},{"@type":"BreadcrumbList","@id":"https:\/\/muaupoko.iwi.nz\/wp\/about-muaupoko\/te-iwi-muaupoko\/#breadcrumb","itemListElement":[{"@type":"ListItem","position":1,"name":"Home","item":"https:\/\/muaupoko.iwi.nz\/wp\/"},{"@type":"ListItem","position":2,"name":"About Mua\u016bpoko","item":"https:\/\/muaupoko.iwi.nz\/wp\/about-muaupoko\/"},{"@type":"ListItem","position":3,"name":"TE IWI MUAUPOKO"}]},{"@type":"WebSite","@id":"https:\/\/muaupoko.iwi.nz\/wp\/#website","url":"https:\/\/muaupoko.iwi.nz\/wp\/","name":"Mua\u016bpoko Tribal Authority Inc.","description":"Mua\u016bpoko Tribal Authority exists to protect Mua\u016bpoko identity and assets, and to build a stronger economic, social, and cultural base for the Mua\u016bpoko people.","publisher":{"@id":"https:\/\/muaupoko.iwi.nz\/wp\/#organization"},"potentialAction":[{"@type":"SearchAction","target":{"@type":"EntryPoint","urlTemplate":"https:\/\/muaupoko.iwi.nz\/wp\/?s={search_term_string}"},"query-input":{"@type":"PropertyValueSpecification","valueRequired":true,"valueName":"search_term_string"}}],"inLanguage":"en-NZ"},{"@type":"Organization","@id":"https:\/\/muaupoko.iwi.nz\/wp\/#organization","name":"Mua\u016bpoko Tribal Authority Inc.","url":"https:\/\/muaupoko.iwi.nz\/wp\/","logo":{"@type":"ImageObject","inLanguage":"en-NZ","@id":"https:\/\/muaupoko.iwi.nz\/wp\/#\/schema\/logo\/image\/","url":"https:\/\/muaupoko.iwi.nz\/wp\/wp-content\/uploads\/2025\/09\/MTA-logo-circle-3012a.png","contentUrl":"https:\/\/muaupoko.iwi.nz\/wp\/wp-content\/uploads\/2025\/09\/MTA-logo-circle-3012a.png","width":500,"height":500,"caption":"Mua\u016bpoko Tribal Authority Inc."},"image":{"@id":"https:\/\/muaupoko.iwi.nz\/wp\/#\/schema\/logo\/image\/"},"sameAs":["https:\/\/www.facebook.com\/MuaupokoTribalAuthority"]}]}},"jetpack_shortlink":"https:\/\/wp.me\/P4mVUU-b","jetpack_sharing_enabled":true,"_links":{"self":[{"href":"https:\/\/muaupoko.iwi.nz\/wp\/wp-json\/wp\/v2\/pages\/11","targetHints":{"allow":["GET"]}}],"collection":[{"href":"https:\/\/muaupoko.iwi.nz\/wp\/wp-json\/wp\/v2\/pages"}],"about":[{"href":"https:\/\/muaupoko.iwi.nz\/wp\/wp-json\/wp\/v2\/types\/page"}],"author":[{"embeddable":true,"href":"https:\/\/muaupoko.iwi.nz\/wp\/wp-json\/wp\/v2\/users\/1"}],"replies":[{"embeddable":true,"href":"https:\/\/muaupoko.iwi.nz\/wp\/wp-json\/wp\/v2\/comments?post=11"}],"version-history":[{"count":4,"href":"https:\/\/muaupoko.iwi.nz\/wp\/wp-json\/wp\/v2\/pages\/11\/revisions"}],"predecessor-version":[{"id":1170,"href":"https:\/\/muaupoko.iwi.nz\/wp\/wp-json\/wp\/v2\/pages\/11\/revisions\/1170"}],"up":[{"embeddable":true,"href":"https:\/\/muaupoko.iwi.nz\/wp\/wp-json\/wp\/v2\/pages\/4"}],"wp:attachment":[{"href":"https:\/\/muaupoko.iwi.nz\/wp\/wp-json\/wp\/v2\/media?parent=11"}],"curies":[{"name":"wp","href":"https:\/\/api.w.org\/{rel}","templated":true}]}}